{"id":2325,"date":"2024-09-03T17:19:04","date_gmt":"2024-09-03T17:19:04","guid":{"rendered":"https:\/\/www.lluiscongelats.com\/?page_id=2325"},"modified":"2024-12-10T16:07:00","modified_gmt":"2024-12-10T16:07:00","slug":"patrocinios","status":"publish","type":"page","link":"https:\/\/www.lluiscongelats.com\/es\/patrocinios\/","title":{"rendered":"Patrocinios"},"content":{"rendered":"<section class=\"wpb-content-wrapper\"><p>[vc_row][vc_column][vc_column_text]En Frigor\u00edficos Llu\u00eds creemos en el poder de las alianzas y el compromiso con nuestra comunidad. Nos enorgullece colaborar con diversas organizaciones que comparten nuestros valores de responsabilidad social, apoyo a la hosteler\u00eda y fomento del deporte. A trav\u00e9s de nuestros patrocinios, buscamos contribuir al bienestar y desarrollo de nuestro entorno, fortaleciendo los lazos que nos unen y trabajando juntos por un futuro mejor.[\/vc_column_text][\/vc_column][\/vc_row][vc_row][vc_column][vc_separator css=\u00bb.vc_custom_1733846445059{margin-top: 25px !important;margin-bottom: 25px !important;}\u00bb][\/vc_column][\/vc_row][vc_row][vc_column width=\u00bb1\/4&#8243;][vc_column_text]AEHT. Asociaci\u00f3n de Empresarios de Hosteler\u00eda de Tarragona[\/vc_column_text][\/vc_column][vc_column width=\u00bb1\/4&#8243;][vc_single_image image=\u00bb2493&#8243; img_size=\u00bbfull\u00bb][\/vc_column][vc_column width=\u00bb1\/4&#8243;][vc_single_image image=\u00bb2487&#8243; img_size=\u00bbfull\u00bb][\/vc_column][vc_column width=\u00bb1\/4&#8243;][vc_single_image image=\u00bb2507&#8243; img_size=\u00bbfull\u00bb][\/vc_column][\/vc_row][vc_row css=\u00bb.vc_custom_1733846582203{margin-top: 30px !important;}\u00bb][vc_column width=\u00bb1\/4&#8243;][vc_column_text]Hostaler\u00eda de Lleida. Asociaci\u00f3n de Empresarios de Hosteler\u00eda de Lleida[\/vc_column_text][\/vc_column][vc_column width=\u00bb1\/4&#8243;][vc_single_image image=\u00bb2490&#8243; img_size=\u00bbfull\u00bb][\/vc_column][vc_column width=\u00bb1\/4&#8243;][vc_single_image image=\u00bb2496&#8243; img_size=\u00bbfull\u00bb][\/vc_column][vc_column width=\u00bb1\/4&#8243;][\/vc_column][\/vc_row][vc_row css=\u00bb.vc_custom_1733846591660{margin-top: 30px !important;}\u00bb][vc_column width=\u00bb1\/4&#8243;][vc_column_text]Cruz Roja[\/vc_column_text][\/vc_column][vc_column width=\u00bb1\/4&#8243;][vc_single_image image=\u00bb2484&#8243; img_size=\u00bbfull\u00bb][\/vc_column][vc_column width=\u00bb1\/4&#8243;][\/vc_column][vc_column width=\u00bb1\/4&#8243;][\/vc_column][\/vc_row][vc_row css=\u00bb.vc_custom_1733846596885{margin-top: 30px !important;}\u00bb][vc_column width=\u00bb1\/4&#8243;][vc_column_text]Fundaci\u00f3n Pasqual Maragall[\/vc_column_text][\/vc_column][vc_column width=\u00bb1\/4&#8243;][vc_single_image image=\u00bb2499&#8243; img_size=\u00bbfull\u00bb][\/vc_column][vc_column width=\u00bb1\/4&#8243;][\/vc_column][vc_column width=\u00bb1\/4&#8243;][\/vc_column][\/vc_row][vc_row css=\u00bb.vc_custom_1733846602506{margin-top: 30px !important;}\u00bb][vc_column width=\u00bb1\/4&#8243;][vc_column_text]Jes\u00fas Catal\u00f3nia (Primer equipo de f\u00fatbol)[\/vc_column_text][\/vc_column][vc_column width=\u00bb1\/4&#8243;][vc_single_image image=\u00bb2481&#8243; img_size=\u00bbfull\u00bb][\/vc_column][vc_column width=\u00bb1\/4&#8243;][\/vc_column][vc_column width=\u00bb1\/4&#8243;][\/vc_column][\/vc_row]<\/p>\n<\/section>","protected":false},"excerpt":{"rendered":"<p>[vc_row][vc_column][vc_column_text]En Frigor\u00edficos Llu\u00eds creemos en el poder de las alianzas y el compromiso con nuestra comunidad. Nos enorgullece colaborar con diversas organizaciones que comparten nuestros valores de responsabilidad social, apoyo a la hosteler\u00eda y fomento del deporte. A trav\u00e9s de nuestros patrocinios, buscamos contribuir al bienestar y desarrollo de nuestro entorno, fortaleciendo los lazos que [&hellip;]<\/p>\n","protected":false},"author":1,"featured_media":0,"parent":0,"menu_order":0,"comment_status":"closed","ping_status":"closed","template":"","meta":{"footnotes":""},"class_list":["post-2325","page","type-page","status-publish","hentry"],"aioseo_notices":[],"_links":{"self":[{"href":"https:\/\/www.lluiscongelats.com\/es\/wp-json\/wp\/v2\/pages\/2325","targetHints":{"allow":["GET"]}}],"collection":[{"href":"https:\/\/www.lluiscongelats.com\/es\/wp-json\/wp\/v2\/pages"}],"about":[{"href":"https:\/\/www.lluiscongelats.com\/es\/wp-json\/wp\/v2\/types\/page"}],"author":[{"embeddable":true,"href":"https:\/\/www.lluiscongelats.com\/es\/wp-json\/wp\/v2\/users\/1"}],"replies":[{"embeddable":true,"href":"https:\/\/www.lluiscongelats.com\/es\/wp-json\/wp\/v2\/comments?post=2325"}],"version-history":[{"count":6,"href":"https:\/\/www.lluiscongelats.com\/es\/wp-json\/wp\/v2\/pages\/2325\/revisions"}],"predecessor-version":[{"id":2514,"href":"https:\/\/www.lluiscongelats.com\/es\/wp-json\/wp\/v2\/pages\/2325\/revisions\/2514"}],"wp:attachment":[{"href":"https:\/\/www.lluiscongelats.com\/es\/wp-json\/wp\/v2\/media?parent=2325"}],"curies":[{"name":"wp","href":"https:\/\/api.w.org\/{rel}","templated":true}]}}