{"id":894,"date":"2017-09-08T11:07:25","date_gmt":"2017-09-08T11:07:25","guid":{"rendered":"http:\/\/www.lluiscongelats.com\/?page_id=894"},"modified":"2024-12-09T19:39:34","modified_gmt":"2024-12-09T19:39:34","slug":"productos","status":"publish","type":"page","link":"https:\/\/www.lluiscongelats.com\/es\/productos\/","title":{"rendered":"Productos"},"content":{"rendered":"<section class=\"wpb-content-wrapper\"><p>[vc_row][vc_column][vc_empty_space height=\u00bb50px\u00bb]<div class=\"woocommerce columns-5\"><ul class=\"products columns-5\">\n<li class=\"product-category product first\">\n\t<a aria-label=\"Visitar la categor\u00eda de producto MARISCOS\" href=\"https:\/\/www.lluiscongelats.com\/es\/categoria-producte\/mariscos\/\"><img loading=\"lazy\" decoding=\"async\" src=\"https:\/\/www.lluiscongelats.com\/wp-content\/uploads\/2016\/08\/descobreix_marisc.jpg\" alt=\"MARISCOS\" width=\"540\" height=\"496\" \/>\t\t<h2 class=\"woocommerce-loop-category__title\">\n\t\t\tMARISCOS <mark class=\"count\">(1)<\/mark>\t\t<\/h2>\n\t\t<\/a><\/li>\n<li class=\"product-category product\">\n\t<a aria-label=\"Visitar la categor\u00eda de producto BIVALVOS\" href=\"https:\/\/www.lluiscongelats.com\/es\/categoria-producte\/bivalvos\/\"><img loading=\"lazy\" decoding=\"async\" src=\"https:\/\/www.lluiscongelats.com\/wp-content\/uploads\/2016\/08\/descobreix_bivalves.jpg\" alt=\"BIVALVOS\" width=\"540\" height=\"496\" \/>\t\t<h2 class=\"woocommerce-loop-category__title\">\n\t\t\tBIVALVOS <mark class=\"count\">(1)<\/mark>\t\t<\/h2>\n\t\t<\/a><\/li>\n<li class=\"product-category product\">\n\t<a aria-label=\"Visitar la categor\u00eda de producto PESCADOS\" href=\"https:\/\/www.lluiscongelats.com\/es\/categoria-producte\/pescados\/\"><img loading=\"lazy\" decoding=\"async\" src=\"https:\/\/www.lluiscongelats.com\/wp-content\/uploads\/2016\/08\/descobreix_peix.jpg\" alt=\"PESCADOS\" width=\"540\" height=\"496\" \/>\t\t<h2 class=\"woocommerce-loop-category__title\">\n\t\t\tPESCADOS <mark class=\"count\">(1)<\/mark>\t\t<\/h2>\n\t\t<\/a><\/li>\n<li class=\"product-category product\">\n\t<a aria-label=\"Visitar la categor\u00eda de producto CEFAL\u00d3PODOS\" href=\"https:\/\/www.lluiscongelats.com\/es\/categoria-producte\/cefalopodos\/\"><img loading=\"lazy\" decoding=\"async\" src=\"https:\/\/www.lluiscongelats.com\/wp-content\/uploads\/2017\/08\/descobreix_cefalopodos.jpg\" alt=\"CEFAL\u00d3PODOS\" width=\"540\" height=\"496\" \/>\t\t<h2 class=\"woocommerce-loop-category__title\">\n\t\t\tCEFAL\u00d3PODOS <mark class=\"count\">(1)<\/mark>\t\t<\/h2>\n\t\t<\/a><\/li>\n<li class=\"product-category product last\">\n\t<a aria-label=\"Visitar la categor\u00eda de producto CARNES\" href=\"https:\/\/www.lluiscongelats.com\/es\/categoria-producte\/carnes\/\"><img loading=\"lazy\" decoding=\"async\" src=\"https:\/\/www.lluiscongelats.com\/wp-content\/uploads\/2017\/08\/descobreix_carnes.jpg\" alt=\"CARNES\" width=\"540\" height=\"496\" \/>\t\t<h2 class=\"woocommerce-loop-category__title\">\n\t\t\tCARNES <mark class=\"count\">(1)<\/mark>\t\t<\/h2>\n\t\t<\/a><\/li>\n<li class=\"product-category product first\">\n\t<a aria-label=\"Visitar la categor\u00eda de producto VERDURAS\" href=\"https:\/\/www.lluiscongelats.com\/es\/categoria-producte\/verduras\/\"><img loading=\"lazy\" decoding=\"async\" src=\"https:\/\/www.lluiscongelats.com\/wp-content\/uploads\/2017\/08\/descobreix_verduras.jpg\" alt=\"VERDURAS\" width=\"540\" height=\"496\" \/>\t\t<h2 class=\"woocommerce-loop-category__title\">\n\t\t\tVERDURAS <mark class=\"count\">(1)<\/mark>\t\t<\/h2>\n\t\t<\/a><\/li>\n<li class=\"product-category product\">\n\t<a aria-label=\"Visitar la categor\u00eda de producto PREPARADOS\" href=\"https:\/\/www.lluiscongelats.com\/es\/categoria-producte\/preparados\/\"><img loading=\"lazy\" decoding=\"async\" src=\"https:\/\/www.lluiscongelats.com\/wp-content\/uploads\/2017\/08\/descobreix_preparados.jpg\" alt=\"PREPARADOS\" width=\"540\" height=\"496\" \/>\t\t<h2 class=\"woocommerce-loop-category__title\">\n\t\t\tPREPARADOS <mark class=\"count\">(1)<\/mark>\t\t<\/h2>\n\t\t<\/a><\/li>\n<li class=\"product-category product\">\n\t<a aria-label=\"Visitar la categor\u00eda de producto PAN\" href=\"https:\/\/www.lluiscongelats.com\/es\/categoria-producte\/pan\/\"><img loading=\"lazy\" decoding=\"async\" src=\"https:\/\/www.lluiscongelats.com\/wp-content\/uploads\/2016\/08\/descobreix_pa.jpg\" alt=\"PAN\" width=\"540\" height=\"496\" \/>\t\t<h2 class=\"woocommerce-loop-category__title\">\n\t\t\tPAN <mark class=\"count\">(1)<\/mark>\t\t<\/h2>\n\t\t<\/a><\/li>\n<li class=\"product-category product\">\n\t<a aria-label=\"Visitar la categor\u00eda de producto PASTELERIA\" href=\"https:\/\/www.lluiscongelats.com\/es\/categoria-producte\/pasteleria\/\"><img loading=\"lazy\" decoding=\"async\" src=\"https:\/\/www.lluiscongelats.com\/wp-content\/uploads\/2016\/08\/descobreix_pastisseria-1.jpg\" alt=\"PASTELERIA\" width=\"540\" height=\"496\" \/>\t\t<h2 class=\"woocommerce-loop-category__title\">\n\t\t\tPASTELERIA <mark class=\"count\">(1)<\/mark>\t\t<\/h2>\n\t\t<\/a><\/li>\n<li class=\"product-category product last\">\n\t<a aria-label=\"Visitar la categor\u00eda de producto HELADOS\" href=\"https:\/\/www.lluiscongelats.com\/es\/categoria-producte\/helados\/\"><img loading=\"lazy\" decoding=\"async\" src=\"https:\/\/www.lluiscongelats.com\/wp-content\/uploads\/2017\/08\/descobreix_almendrado.jpg\" alt=\"HELADOS\" width=\"540\" height=\"496\" \/>\t\t<h2 class=\"woocommerce-loop-category__title\">\n\t\t\tHELADOS <mark class=\"count\">(1)<\/mark>\t\t<\/h2>\n\t\t<\/a><\/li>\n<\/ul>\n<\/div>[vc_empty_space][\/vc_column][\/vc_row][vc_row full_width=\u00bbstretch_row\u00bb inverse=\u00bb\u00bb css=\u00bb.vc_custom_1502202935475{background-image: url(https:\/\/www.lluiscongelats.com\/wp-content\/uploads\/2016\/08\/bg_promo2-1.jpg?id=812) !important;}\u00bb][vc_column]<div  class=\"sc_intro\"><div class=\"sc_intro_inner  sc_intro_style_3\"><div class=\"sc_intro_content\"><h2 class=\"sc_intro_title\">CAT\u00c1LOGO DE PRODUCTOS DE NUESTRA MARCA<\/h2><div class=\"sc_intro_descr\">Adem\u00e1s de nuestra amplia gama de productos, disponemos de una selecci\u00f3n de productos que envasamos con nuestra marca.<\/div><div class=\"sc_intro_buttons sc_item_buttons\"><div class=\"sc_intro_button sc_item_button\"><a href=\"https:\/\/www.lluiscongelats.com\/es\/catalogo\/\" class=\"sc_button sc_button_square sc_button_style_filled sc_button_size_medium\">VER EL CAT\u00c1LOGO<\/a><\/div><\/div><\/div><\/div><\/div>[\/vc_column][\/vc_row][vc_row][vc_column]<div class=\"sc_section\"><div class=\"sc_section_inner\"><h6 class=\"sc_section_subtitle sc_item_subtitle\">Productos<\/h6><h2 class=\"sc_section_title sc_item_title sc_item_title_without_descr\">MARDEBO<\/h2><div class=\"sc_section_content_wrap\">[vc_column_text]Nuestra compa\u00f1\u00eda tambi\u00e9n ha sido siempre sensible al amor a nuestra tierra y esto nos ha hecho trabajar hacia la comercializaci\u00f3n de alimentos que tengan menos impacto medioambiental. Desde 2019 hemos trabajado para crear una l\u00ednea de<strong> pescado y marisco de proximidad<\/strong>. Nuestro objetivo es promover estos productos entre los clientes que tambi\u00e9n tengan este compromiso con el medio ambiente. Estos alimentos tienen adem\u00e1s nuestro m\u00e1s estricta <strong>garantia de calidad<\/strong> tanto por lo que se refiere al momento de la captura (para congelarlos en su momento \u00f3ptimo) como a su tratamiento sin conservantes.[\/vc_column_text]<\/div><\/div><\/div>[vc_empty_space][\/vc_column][\/vc_row][vc_row full_width=\u00bbstretch_row\u00bb inverse=\u00bb\u00bb css=\u00bb.vc_custom_1612140340563{background-image: url(https:\/\/www.lluiscongelats.com\/wp-content\/uploads\/2021\/02\/peu_marques.gif?id=1742) !important;}\u00bb el_class=\u00bbvc_custom_1612139212722&#8243;][vc_column][vc_empty_space height=\u00bb0.8em\u00bb]<div id=\"sc_clients_13467233_wrap\" class=\"sc_clients_wrap\"><div id=\"sc_clients_13467233\" class=\"sc_clients sc_clients_style_clients-1  margin_top_medium margin_bottom_small\" style=\"width:100%;\"><div class=\"sc_slider_swiper swiper-slider-container sc_slider_nopagination sc_slider_nocontrols\" data-interval=\"6599\" data-slides-per-view=\"5\" data-slides-min-width=\"100\"><div class=\"slides swiper-wrapper\"><div class=\"swiper-slide\" data-style=\"width:100%;\" style=\"width:100%;\">\t\t\t<div id=\"sc_clients_13467233_1\" class=\"sc_clients_item sc_clients_item_1 odd first\">\n\t\t\t\t\t\t\t\t<div class=\"sc_client_image\"><img decoding=\"async\" class=\"wp-post-image\" alt=\"LambWeston\" src=\"https:\/\/www.lluiscongelats.com\/wp-content\/uploads\/2024\/12\/logo-Lamb-Weston.png\"><\/div>\n\t\t\t\t\t\t\t<\/div>\n\t\t<\/div><div class=\"swiper-slide\" data-style=\"width:100%;\" style=\"width:100%;\">\t\t\t<div id=\"sc_clients_13467233_2\" class=\"sc_clients_item sc_clients_item_2 even\">\n\t\t\t\t\t\t\t\t<div class=\"sc_client_image\"><img decoding=\"async\" class=\"wp-post-image\" alt=\"Moyseafood\" src=\"https:\/\/www.lluiscongelats.com\/wp-content\/uploads\/2024\/12\/moyseafood-logo.png\"><\/div>\n\t\t\t\t\t\t\t<\/div>\n\t\t<\/div><div class=\"swiper-slide\" data-style=\"width:100%;\" style=\"width:100%;\">\t\t\t<div id=\"sc_clients_13467233_3\" class=\"sc_clients_item sc_clients_item_3 odd\">\n\t\t\t\t\t\t\t\t<div class=\"sc_client_image\"><img decoding=\"async\" class=\"wp-post-image\" alt=\"McCain\" src=\"https:\/\/www.lluiscongelats.com\/wp-content\/uploads\/2024\/12\/mccain-logo.png\"><\/div>\n\t\t\t\t\t\t\t<\/div>\n\t\t<\/div><div class=\"swiper-slide\" data-style=\"width:100%;\" style=\"width:100%;\">\t\t\t<div id=\"sc_clients_13467233_4\" class=\"sc_clients_item sc_clients_item_4 even\">\n\t\t\t\t\t\t\t\t<div class=\"sc_client_image\"><img decoding=\"async\" class=\"wp-post-image\" alt=\"Inlet\" src=\"https:\/\/www.lluiscongelats.com\/wp-content\/uploads\/2024\/12\/inlet-logo-3.png\"><\/div>\n\t\t\t\t\t\t\t<\/div>\n\t\t<\/div><div class=\"swiper-slide\" data-style=\"width:100%;\" style=\"width:100%;\">\t\t\t<div id=\"sc_clients_13467233_5\" class=\"sc_clients_item sc_clients_item_5 odd\">\n\t\t\t\t\t\t\t\t<div class=\"sc_client_image\"><img decoding=\"async\" class=\"wp-post-image\" alt=\"Ken Foods\" src=\"https:\/\/www.lluiscongelats.com\/wp-content\/uploads\/2024\/12\/ken_foods_logo.png\"><\/div>\n\t\t\t\t\t\t\t<\/div>\n\t\t<\/div><div class=\"swiper-slide\" data-style=\"width:100%;\" style=\"width:100%;\">\t\t\t<div id=\"sc_clients_13467233_6\" class=\"sc_clients_item sc_clients_item_6 even\">\n\t\t\t\t\t\t\t\t<div class=\"sc_client_image\"><img decoding=\"async\" class=\"wp-post-image\" alt=\"Mardeb\u00f3\" src=\"https:\/\/www.lluiscongelats.com\/wp-content\/uploads\/2024\/12\/mardebo-logo-1.png\"><\/div>\n\t\t\t\t\t\t\t<\/div>\n\t\t<\/div><div class=\"swiper-slide\" data-style=\"width:100%;\" style=\"width:100%;\">\t\t\t<div id=\"sc_clients_13467233_7\" class=\"sc_clients_item sc_clients_item_7 odd\">\n\t\t\t\t\t\t\t\t<div class=\"sc_client_image\"><img decoding=\"async\" class=\"wp-post-image\" alt=\"Pescanova\" src=\"https:\/\/www.lluiscongelats.com\/wp-content\/uploads\/2016\/08\/marcas_pnv.png\"><\/div>\n\t\t\t\t\t\t\t<\/div>\n\t\t<\/div><\/div><div class=\"sc_slider_controls_wrap\"><a class=\"sc_slider_prev\" href=\"#\"><\/a><a class=\"sc_slider_next\" href=\"#\"><\/a><\/div><div class=\"sc_slider_pagination_wrap\"><\/div><\/div><\/div><!-- \/.sc_clients --><\/div><!-- \/.sc_clients_wrap -->[\/vc_column][\/vc_row]<\/p>\n<\/section>","protected":false},"excerpt":{"rendered":"<p>[vc_row][vc_column][vc_empty_space height=\u00bb50px\u00bb][vc_empty_space][\/vc_column][\/vc_row][vc_row full_width=\u00bbstretch_row\u00bb inverse=\u00bb\u00bb css=\u00bb.vc_custom_1502202935475{background-image: url(https:\/\/www.lluiscongelats.com\/wp-content\/uploads\/2016\/08\/bg_promo2-1.jpg?id=812) !important;}\u00bb][vc_column][\/vc_column][\/vc_row][vc_row][vc_column][vc_empty_space][\/vc_column][\/vc_row][vc_row full_width=\u00bbstretch_row\u00bb inverse=\u00bb\u00bb css=\u00bb.vc_custom_1612140340563{background-image: url(https:\/\/www.lluiscongelats.com\/wp-content\/uploads\/2021\/02\/peu_marques.gif?id=1742) !important;}\u00bb el_class=\u00bbvc_custom_1612139212722&#8243;][vc_column][vc_empty_space height=\u00bb0.8em\u00bb][\/vc_column][\/vc_row]<\/p>\n","protected":false},"author":1,"featured_media":0,"parent":0,"menu_order":0,"comment_status":"closed","ping_status":"closed","template":"","meta":{"footnotes":""},"class_list":["post-894","page","type-page","status-publish","hentry"],"aioseo_notices":[],"_links":{"self":[{"href":"https:\/\/www.lluiscongelats.com\/es\/wp-json\/wp\/v2\/pages\/894","targetHints":{"allow":["GET"]}}],"collection":[{"href":"https:\/\/www.lluiscongelats.com\/es\/wp-json\/wp\/v2\/pages"}],"about":[{"href":"https:\/\/www.lluiscongelats.com\/es\/wp-json\/wp\/v2\/types\/page"}],"author":[{"embeddable":true,"href":"https:\/\/www.lluiscongelats.com\/es\/wp-json\/wp\/v2\/users\/1"}],"replies":[{"embeddable":true,"href":"https:\/\/www.lluiscongelats.com\/es\/wp-json\/wp\/v2\/comments?post=894"}],"version-history":[{"count":22,"href":"https:\/\/www.lluiscongelats.com\/es\/wp-json\/wp\/v2\/pages\/894\/revisions"}],"predecessor-version":[{"id":982,"href":"https:\/\/www.lluiscongelats.com\/es\/wp-json\/wp\/v2\/pages\/894\/revisions\/982"}],"wp:attachment":[{"href":"https:\/\/www.lluiscongelats.com\/es\/wp-json\/wp\/v2\/media?parent=894"}],"curies":[{"name":"wp","href":"https:\/\/api.w.org\/{rel}","templated":true}]}}