{"id":923,"date":"2017-09-08T12:42:39","date_gmt":"2017-09-08T12:42:39","guid":{"rendered":"http:\/\/www.lluiscongelats.com\/?page_id=923"},"modified":"2018-10-11T21:01:52","modified_gmt":"2018-10-11T21:01:52","slug":"recetas","status":"publish","type":"page","link":"https:\/\/www.lluiscongelats.com\/es\/recetas\/","title":{"rendered":"Recetas"},"content":{"rendered":"<section class=\"wpb-content-wrapper\"><p>[vc_row][vc_column][vc_empty_space height=\u00bb1em\u00bb]<div id=\"sc_blogger_236526150\" class=\"sc_blogger layout_classic_3 template_masonry receptes margin_top_large margin_bottom_small  sc_blogger_horizontal\"><h2 class=\"sc_blogger_title sc_item_title sc_item_title_without_descr\">Recetas<\/h2><div class=\"isotope_wrap\" data-columns=\"3\">\t\t<div class=\"isotope_item isotope_item_classic isotope_item_classic_3 isotope_column_3\t\t\t\t\t\">\n\t\t\t<div class=\"post_item post_item_classic post_item_classic_3\t\t\t\t  post_format_standard odd\">\n\t\t\t\t\n\t\t\t\t\t\t\t\t\t<div class=\"post_featured\">\n\t\t\t\t\t\t\t<div class=\"post_thumb\" data-image=\"https:\/\/www.lluiscongelats.com\/wp-content\/uploads\/2017\/08\/receptes_empreador_verduretes.jpg\" data-title=\"SUPREMA DE EMPERADOR CON VERDURITAS (Receta para una persona)\">\n\t<a class=\"hover_icon hover_icon_link\" href=\"https:\/\/www.lluiscongelats.com\/es\/suprema-de-emperador-con-verduritas-receta-para-una-persona\/\"><img loading=\"lazy\" decoding=\"async\" class=\"wp-post-image\" width=\"370\" height=\"216\" alt=\"SUPREMA DE EMPERADOR CON VERDURITAS (Receta para una persona)\" src=\"https:\/\/www.lluiscongelats.com\/wp-content\/uploads\/2017\/08\/receptes_empreador_verduretes-370x216.jpg\"><\/a>\t<\/div>\n\t\t\t\t\t\t<\/div>\n\t\t\t\t\n\t\t\t\t<div class=\"post_content isotope_item_content\">\n\t\t\t\t\t\n\t\t\t\t\t\t\t\t\t\t\t\t<h5 class=\"post_title\"><a href=\"https:\/\/www.lluiscongelats.com\/es\/suprema-de-emperador-con-verduritas-receta-para-una-persona\/\">SUPREMA DE EMPERADOR CON VERDURITAS (Receta para una persona)<\/a><\/h5>\n\t\t\t\t\t\t\t\n\t\t\t\t\t<div class=\"post_descr\">\n\t\t\t\t\t\t<p>Para la guarnici\u00f3n: primero sofre\u00edmos la cebolla y cuando est\u00e9 pochada a\u00f1adimos las verduritas (menestra especial). Una vez salteadas, a\u00f1adimos tambi\u00e9n un poco de sal y pimienta al gusto.<\/p><a href=\"https:\/\/www.lluiscongelats.com\/es\/suprema-de-emperador-con-verduritas-receta-para-una-persona\/\" class=\"sc_button sc_button_square sc_button_style_filled sc_button_size_small read_more_button \">Leer m\u00e1s<\/a>\t\t\t\t\t<\/div>\n\n\t\t\t\t<\/div>\t\t\t\t<!-- \/.post_content -->\n\t\t\t<\/div>\t<!-- \/.post_item -->\n\t\t<\/div>\t\t\t\t\t\t<!-- \/.isotope_item -->\n\t\t\t\t<div class=\"isotope_item isotope_item_classic isotope_item_classic_3 isotope_column_3\t\t\t\t\t\">\n\t\t\t<div class=\"post_item post_item_classic post_item_classic_3\t\t\t\t  post_format_standard even\">\n\t\t\t\t\n\t\t\t\t\t\t\t\t\t<div class=\"post_featured\">\n\t\t\t\t\t\t\t<div class=\"post_thumb\" data-image=\"https:\/\/www.lluiscongelats.com\/wp-content\/uploads\/2017\/08\/receptes_calamar_salsarostit.jpg\" data-title=\"CALAMAR CON SALSA DE ASADO (Receta para una persona)\">\n\t<a class=\"hover_icon hover_icon_link\" href=\"https:\/\/www.lluiscongelats.com\/es\/calamar-con-salsa-de-asado-receta-para-una-persona\/\"><img loading=\"lazy\" decoding=\"async\" class=\"wp-post-image\" width=\"370\" height=\"216\" alt=\"CALAMAR CON SALSA DE ASADO (Receta para una persona)\" src=\"https:\/\/www.lluiscongelats.com\/wp-content\/uploads\/2017\/08\/receptes_calamar_salsarostit-370x216.jpg\"><\/a>\t<\/div>\n\t\t\t\t\t\t<\/div>\n\t\t\t\t\n\t\t\t\t<div class=\"post_content isotope_item_content\">\n\t\t\t\t\t\n\t\t\t\t\t\t\t\t\t\t\t\t<h5 class=\"post_title\"><a href=\"https:\/\/www.lluiscongelats.com\/es\/calamar-con-salsa-de-asado-receta-para-una-persona\/\">CALAMAR CON SALSA DE ASADO (Receta para una persona)<\/a><\/h5>\n\t\t\t\t\t\t\t\n\t\t\t\t\t<div class=\"post_descr\">\n\t\t\t\t\t\t<p>Cortamos dos rodajas del Calamar de unos 6 cm de ancho y una patitas, las limpiamos y las reservamos.\nPara prepara las salsa asamos: dos tomates una cebolla, dos dientes de ajo, perejil, aceite y una copita de jerez seco. Una vez cocido lo trituramos.<\/p><a href=\"https:\/\/www.lluiscongelats.com\/es\/calamar-con-salsa-de-asado-receta-para-una-persona\/\" class=\"sc_button sc_button_square sc_button_style_filled sc_button_size_small read_more_button \">Leer m\u00e1s<\/a>\t\t\t\t\t<\/div>\n\n\t\t\t\t<\/div>\t\t\t\t<!-- \/.post_content -->\n\t\t\t<\/div>\t<!-- \/.post_item -->\n\t\t<\/div>\t\t\t\t\t\t<!-- \/.isotope_item -->\n\t\t\t\t<div class=\"isotope_item isotope_item_classic isotope_item_classic_3 isotope_column_3\t\t\t\t\t\">\n\t\t\t<div class=\"post_item post_item_classic post_item_classic_3\t\t\t\t  post_format_standard odd\">\n\t\t\t\t\n\t\t\t\t\t\t\t\t\t<div class=\"post_featured\">\n\t\t\t\t\t\t\t<div class=\"post_thumb\" data-image=\"https:\/\/www.lluiscongelats.com\/wp-content\/uploads\/2017\/08\/recptes_cua_rap_mongetes.jpg\" data-title=\"COLA DE RAPE CON SALSA ROMESCU Y JUDIAS BLANCAS DE SANTA PAU (Receta para dos personas)\">\n\t<a class=\"hover_icon hover_icon_link\" href=\"https:\/\/www.lluiscongelats.com\/es\/cola-de-rape-con-salsa-romescu-y-judias-blancas-de-santa-pau-receta-para-dos-personas\/\"><img loading=\"lazy\" decoding=\"async\" class=\"wp-post-image\" width=\"370\" height=\"216\" alt=\"COLA DE RAPE CON SALSA ROMESCU Y JUDIAS BLANCAS DE SANTA PAU (Receta para dos personas)\" src=\"https:\/\/www.lluiscongelats.com\/wp-content\/uploads\/2017\/08\/recptes_cua_rap_mongetes-370x216.jpg\"><\/a>\t<\/div>\n\t\t\t\t\t\t<\/div>\n\t\t\t\t\n\t\t\t\t<div class=\"post_content isotope_item_content\">\n\t\t\t\t\t\n\t\t\t\t\t\t\t\t\t\t\t\t<h5 class=\"post_title\"><a href=\"https:\/\/www.lluiscongelats.com\/es\/cola-de-rape-con-salsa-romescu-y-judias-blancas-de-santa-pau-receta-para-dos-personas\/\">COLA DE RAPE CON SALSA ROMESCU Y JUDIAS BLANCAS DE SANTA PAU (Receta para dos personas)<\/a><\/h5>\n\t\t\t\t\t\t\t\n\t\t\t\t\t<div class=\"post_descr\">\n\t\t\t\t\t\t<p>Cortamos las supremas del rape y las dejamos limpias, sin la espina central, aparte.\nEchamos un chorrito de aceite de oliva en una sart\u00e9n, la calentamos y a\u00f1adimos la salsa romescu&#8230;<\/p><a href=\"https:\/\/www.lluiscongelats.com\/es\/cola-de-rape-con-salsa-romescu-y-judias-blancas-de-santa-pau-receta-para-dos-personas\/\" class=\"sc_button sc_button_square sc_button_style_filled sc_button_size_small read_more_button \">Leer m\u00e1s<\/a>\t\t\t\t\t<\/div>\n\n\t\t\t\t<\/div>\t\t\t\t<!-- \/.post_content -->\n\t\t\t<\/div>\t<!-- \/.post_item -->\n\t\t<\/div>\t\t\t\t\t\t<!-- \/.isotope_item -->\n\t\t\t\t<div class=\"isotope_item isotope_item_classic isotope_item_classic_3 isotope_column_3\t\t\t\t\t\">\n\t\t\t<div class=\"post_item post_item_classic post_item_classic_3\t\t\t\t  post_format_standard even\">\n\t\t\t\t\n\t\t\t\t\t\t\t\t\t<div class=\"post_featured\">\n\t\t\t\t\t\t\t<div class=\"post_thumb\" data-image=\"https:\/\/www.lluiscongelats.com\/wp-content\/uploads\/2017\/08\/receptes_turbot_allcremat.jpg\" data-title=\"RODABALLO AL AJO QUEMADO (Receta para una persona)\">\n\t<a class=\"hover_icon hover_icon_link\" href=\"https:\/\/www.lluiscongelats.com\/es\/rodaballo-al-ajo-quemado-receta-para-una-persona\/\"><img loading=\"lazy\" decoding=\"async\" class=\"wp-post-image\" width=\"370\" height=\"216\" alt=\"RODABALLO AL AJO QUEMADO (Receta para una persona)\" src=\"https:\/\/www.lluiscongelats.com\/wp-content\/uploads\/2017\/08\/receptes_turbot_allcremat-370x216.jpg\"><\/a>\t<\/div>\n\t\t\t\t\t\t<\/div>\n\t\t\t\t\n\t\t\t\t<div class=\"post_content isotope_item_content\">\n\t\t\t\t\t\n\t\t\t\t\t\t\t\t\t\t\t\t<h5 class=\"post_title\"><a href=\"https:\/\/www.lluiscongelats.com\/es\/rodaballo-al-ajo-quemado-receta-para-una-persona\/\">RODABALLO AL AJO QUEMADO (Receta para una persona)<\/a><\/h5>\n\t\t\t\t\t\t\t\n\t\t\t\t\t<div class=\"post_descr\">\n\t\t\t\t\t\t<p>Echamos un chorrito de aceite de oliva en una sart\u00e9n y fre\u00edmos los dientes de ajo pelados y partidos por la mitad. Los doramos bien sin que se lleguen a quemar para que no amarguen. A\u00f1adimos el tomate crudo triturado y la dejamos reducir hasta aproximadamente la mitad sin tapar.<\/p><a href=\"https:\/\/www.lluiscongelats.com\/es\/rodaballo-al-ajo-quemado-receta-para-una-persona\/\" class=\"sc_button sc_button_square sc_button_style_filled sc_button_size_small read_more_button \">Leer m\u00e1s<\/a>\t\t\t\t\t<\/div>\n\n\t\t\t\t<\/div>\t\t\t\t<!-- \/.post_content -->\n\t\t\t<\/div>\t<!-- \/.post_item -->\n\t\t<\/div>\t\t\t\t\t\t<!-- \/.isotope_item -->\n\t\t\t\t<div class=\"isotope_item isotope_item_classic isotope_item_classic_3 isotope_column_3\t\t\t\t\t\">\n\t\t\t<div class=\"post_item post_item_classic post_item_classic_3\t\t\t\t  post_format_standard odd\">\n\t\t\t\t\n\t\t\t\t\t\t\t\t\t<div class=\"post_featured\">\n\t\t\t\t\t\t\t<div class=\"post_thumb\" data-image=\"https:\/\/www.lluiscongelats.com\/wp-content\/uploads\/2017\/08\/recepte_bacalla_cremamel.jpg\" data-title=\"LOMO DE BACALAO CON CREMA DE MIEL (Receta para una persona)\">\n\t<a class=\"hover_icon hover_icon_link\" href=\"https:\/\/www.lluiscongelats.com\/es\/lomo-de-bacalao-con-crema-de-miel-para-una-persona\/\"><img loading=\"lazy\" decoding=\"async\" class=\"wp-post-image\" width=\"370\" height=\"216\" alt=\"LOMO DE BACALAO CON CREMA DE MIEL (Receta para una persona)\" src=\"https:\/\/www.lluiscongelats.com\/wp-content\/uploads\/2017\/08\/recepte_bacalla_cremamel-370x216.jpg\"><\/a>\t<\/div>\n\t\t\t\t\t\t<\/div>\n\t\t\t\t\n\t\t\t\t<div class=\"post_content isotope_item_content\">\n\t\t\t\t\t\n\t\t\t\t\t\t\t\t\t\t\t\t<h5 class=\"post_title\"><a href=\"https:\/\/www.lluiscongelats.com\/es\/lomo-de-bacalao-con-crema-de-miel-para-una-persona\/\">LOMO DE BACALAO CON CREMA DE MIEL (Receta para una persona)<\/a><\/h5>\n\t\t\t\t\t\t\t\n\t\t\t\t\t<div class=\"post_descr\">\n\t\t\t\t\t\t<p>Tostamos las almendras laminadas en el aceite de oliva cuidadosamente para no fre\u00edrlas en exceso, ya que esto cambia su sabor. Para ello empezaremos a fre\u00edrlas con el aceite en fr\u00edo y las retiramos enseguida cuando se empiecen a dorar.\nUna vez fritas, las escurrimos y las reservamos en un plato con papel absorbente para quitar el aceite...<\/p><a href=\"https:\/\/www.lluiscongelats.com\/es\/lomo-de-bacalao-con-crema-de-miel-para-una-persona\/\" class=\"sc_button sc_button_square sc_button_style_filled sc_button_size_small read_more_button \">Leer m\u00e1s<\/a>\t\t\t\t\t<\/div>\n\n\t\t\t\t<\/div>\t\t\t\t<!-- \/.post_content -->\n\t\t\t<\/div>\t<!-- \/.post_item -->\n\t\t<\/div>\t\t\t\t\t\t<!-- \/.isotope_item -->\n\t\t\t\t<div class=\"isotope_item isotope_item_classic isotope_item_classic_3 isotope_column_3\t\t\t\t\t\">\n\t\t\t<div class=\"post_item post_item_classic post_item_classic_3\t\t\t\t  post_format_standard even last\">\n\t\t\t\t\n\t\t\t\t\t\t\t\t\t<div class=\"post_featured\">\n\t\t\t\t\t\t\t<div class=\"post_thumb\" data-image=\"https:\/\/www.lluiscongelats.com\/wp-content\/uploads\/2017\/08\/receptes_polp_mongetes.jpg\" data-title=\"PULPO CONFITADO CON JUDIONES DE LA GRANJA (Receta para una persona)\">\n\t<a class=\"hover_icon hover_icon_link\" href=\"https:\/\/www.lluiscongelats.com\/es\/pulpo-confitado-con-judiones-de-la-granja-receta-para-una-persona\/\"><img loading=\"lazy\" decoding=\"async\" class=\"wp-post-image\" width=\"370\" height=\"216\" alt=\"PULPO CONFITADO CON JUDIONES DE LA GRANJA (Receta para una persona)\" src=\"https:\/\/www.lluiscongelats.com\/wp-content\/uploads\/2017\/08\/receptes_polp_mongetes-370x216.jpg\"><\/a>\t<\/div>\n\t\t\t\t\t\t<\/div>\n\t\t\t\t\n\t\t\t\t<div class=\"post_content isotope_item_content\">\n\t\t\t\t\t\n\t\t\t\t\t\t\t\t\t\t\t\t<h5 class=\"post_title\"><a href=\"https:\/\/www.lluiscongelats.com\/es\/pulpo-confitado-con-judiones-de-la-granja-receta-para-una-persona\/\">PULPO CONFITADO CON JUDIONES DE LA GRANJA (Receta para una persona)<\/a><\/h5>\n\t\t\t\t\t\t\t\n\t\t\t\t\t<div class=\"post_descr\">\n\t\t\t\t\t\t<p>Cortamos la pata del pulpo y la introducimos en un cazo con aceite caliente a unos 60 o 70 grados para confitarla. Es importante que el fuego no est\u00e9 demasiado alto para no fre\u00edrla. A\u00f1adimos una hoja de laurel y cuatro dientes de ajo enteros sin pelar. La dejamos al fuego durante 1h aproximadamente hasta que al pincharla est\u00e9 tierna.<\/p><a href=\"https:\/\/www.lluiscongelats.com\/es\/pulpo-confitado-con-judiones-de-la-granja-receta-para-una-persona\/\" class=\"sc_button sc_button_square sc_button_style_filled sc_button_size_small read_more_button \">Leer m\u00e1s<\/a>\t\t\t\t\t<\/div>\n\n\t\t\t\t<\/div>\t\t\t\t<!-- \/.post_content -->\n\t\t\t<\/div>\t<!-- \/.post_item -->\n\t\t<\/div>\t\t\t\t\t\t<!-- \/.isotope_item -->\n\t\t<\/div><\/div>[\/vc_column][\/vc_row][vc_row full_width=\u00bbstretch_row\u00bb inverse=\u00bbyes\u00bb css=\u00bb.vc_custom_1508795464847{background-image: url(https:\/\/www.lluiscongelats.com\/wp-content\/uploads\/2017\/09\/bg_parallax3.jpg?id=1256) !important;}\u00bb][vc_column][vc_empty_space height=\u00bb1em\u00bb]<div class=\"sc_section margin_top_large margin_bottom_large aligncenter column-6_11\"><div class=\"sc_section_inner\"><h6 class=\"sc_section_subtitle sc_item_subtitle\">video<\/h6><h2 class=\"sc_section_title sc_item_title sc_item_title_without_descr\">Lomo de bacalao a la crema de miel<\/h2><div class=\"sc_section_content_wrap\"><video class=\"sc_video\" src=\"https:\/\/youtube.com\/embed\/xnyNsZmessI\" width=\"100%\" height=\"\" data-width=\"100%\" data-height=\"\" data-ratio=\"16:9\" poster=\"https:\/\/www.lluiscongelats.com\/wp-content\/uploads\/2017\/08\/receptes_polp_mongetes.jpg\" data-image=\"https:\/\/www.lluiscongelats.com\/wp-content\/uploads\/2017\/08\/receptes_polp_mongetes.jpg\" data-class=\"margin_top_medium margin_bottom_medium\" style=\"width:100%;\" autoplay=\"autoplay\" controls=\"controls\" loop=\"loop\"><\/video>[vc_column_text]Preparaci\u00f3n del plato\u00a0lomo de bacalao a la crema\u00a0 de miel con productos de Frigor\u00edficos Lluis S.A. Visita nuestra web <a class=\"yt-uix-servicelink \" href=\"http:\/\/www.lluiscongelats.com\" target=\"_blank\" rel=\"nofollow noopener\" data-target-new-window=\"True\" data-url=\"http:\/\/www.lluiscongelats.com\" data-servicelink=\"CDEQ6TgYACITCI_Q9eOzw9UCFRQ8FQodM7oI5Cj4HQ\">http:\/\/www.lluiscongelats.com<\/a>[\/vc_column_text]<\/div><\/div><\/div>[\/vc_column][\/vc_row]<\/p>\n<\/section>","protected":false},"excerpt":{"rendered":"<p>[vc_row][vc_column][vc_empty_space height=\u00bb1em\u00bb][\/vc_column][\/vc_row][vc_row full_width=\u00bbstretch_row\u00bb inverse=\u00bbyes\u00bb css=\u00bb.vc_custom_1508795464847{background-image: url(https:\/\/www.lluiscongelats.com\/wp-content\/uploads\/2017\/09\/bg_parallax3.jpg?id=1256) !important;}\u00bb][vc_column][vc_empty_space height=\u00bb1em\u00bb][\/vc_column][\/vc_row]<\/p>\n","protected":false},"author":1,"featured_media":0,"parent":0,"menu_order":0,"comment_status":"closed","ping_status":"closed","template":"","meta":{"footnotes":""},"class_list":["post-923","page","type-page","status-publish","hentry"],"aioseo_notices":[],"_links":{"self":[{"href":"https:\/\/www.lluiscongelats.com\/es\/wp-json\/wp\/v2\/pages\/923","targetHints":{"allow":["GET"]}}],"collection":[{"href":"https:\/\/www.lluiscongelats.com\/es\/wp-json\/wp\/v2\/pages"}],"about":[{"href":"https:\/\/www.lluiscongelats.com\/es\/wp-json\/wp\/v2\/types\/page"}],"author":[{"embeddable":true,"href":"https:\/\/www.lluiscongelats.com\/es\/wp-json\/wp\/v2\/users\/1"}],"replies":[{"embeddable":true,"href":"https:\/\/www.lluiscongelats.com\/es\/wp-json\/wp\/v2\/comments?post=923"}],"version-history":[{"count":8,"href":"https:\/\/www.lluiscongelats.com\/es\/wp-json\/wp\/v2\/pages\/923\/revisions"}],"predecessor-version":[{"id":925,"href":"https:\/\/www.lluiscongelats.com\/es\/wp-json\/wp\/v2\/pages\/923\/revisions\/925"}],"wp:attachment":[{"href":"https:\/\/www.lluiscongelats.com\/es\/wp-json\/wp\/v2\/media?parent=923"}],"curies":[{"name":"wp","href":"https:\/\/api.w.org\/{rel}","templated":true}]}}