{"id":1026,"date":"2017-09-14T17:14:07","date_gmt":"2017-09-14T17:14:07","guid":{"rendered":"http:\/\/www.lluiscongelats.com\/?page_id=1026"},"modified":"2024-08-12T20:00:06","modified_gmt":"2024-08-12T20:00:06","slug":"contact","status":"publish","type":"page","link":"https:\/\/www.lluiscongelats.com\/fr\/contact\/","title":{"rendered":"Contact"},"content":{"rendered":"<section class=\"wpb-content-wrapper\"><p>[vc_row][vc_column][vc_empty_space height=\u00a0\u00bb1.2em\u00a0\u00bb]<div class=\"columns_wrap sc_columns columns_nofluid sc_columns_count_3 margin_top_medium\"><div class=\"column-1_3 sc_column_item sc_column_item_1 contact_box odd first\" style=\"text-align:center;\"><div class=\"sc_column_item_inner\" style=\"background-color:#f5f5f5;\">[vc_empty_space height=\u00a0\u00bb0.7em\u00a0\u00bb]<span class=\"sc_icon icon-home-1 aligncenter margin_top_tiny margin_bottom_null\" style=\"display:block;font-weight:400;font-size:2.857em; line-height: 1em;color:#8bb4cd;\"><\/span>[vc_empty_space height=\u00a0\u00bb0.65em\u00a0\u00bb]<h6 class=\"sc_title sc_title_regular sc_align_center margin_top_tiny margin_bottom_null\" style=\"text-align:center;\">Adresse<\/h6>[vc_empty_space height=\u00a0\u00bb0.35em\u00a0\u00bb]<span class=\"sc_highlight\" style=\"font-size:0.857em; line-height: 1em;\">Pol\u00edgono Industrial Baix Ebre<br \/>\nAv. del Jap\u00f3 parcela n\u00ba 132<br \/>\n43897 Campred\u00f3 \u00a0TARRAGONA<\/span>[vc_empty_space height=\u00a0\u00bb1.45em\u00a0\u00bb]<\/div><\/div><div class=\"column-1_3 sc_column_item sc_column_item_2 contact_box even\" style=\"text-align:center;\"><div class=\"sc_column_item_inner\" style=\"background-color:#f5f5f5;\">[vc_empty_space height=\u00a0\u00bb0.7em\u00a0\u00bb]<span class=\"sc_icon icon-phone-1 aligncenter margin_top_tiny margin_bottom_null\" style=\"display:block;font-weight:400;font-size:2.857em; line-height: 1em;color:#8bb4cd;\"><\/span>[vc_empty_space height=\u00a0\u00bb0.65em\u00a0\u00bb]<h6 class=\"sc_title sc_title_regular sc_align_center margin_top_tiny margin_bottom_null\" style=\"text-align:center;\">T\u00e9l\u00e9phone<\/h6>[vc_empty_space height=\u00a0\u00bb0.35em\u00a0\u00bb]<span class=\"sc_highlight\" style=\"font-size:0.857em; line-height: 1em;\"><a href=\"+34977597411\">+34 977 597 411<\/a><\/span>[vc_empty_space height=\u00a0\u00bb3em\u00a0\u00bb]<\/div><\/div><div class=\"column-1_3 sc_column_item sc_column_item_3 contact_box odd\" style=\"text-align:center;\"><div class=\"sc_column_item_inner\" style=\"background-color:#f5f5f5;\">[vc_empty_space height=\u00a0\u00bb0.7em\u00a0\u00bb]<span class=\"sc_icon icon-mail aligncenter margin_top_tiny margin_bottom_null\" style=\"display:block;font-weight:400;font-size:2.857em; line-height: 1em;color:#8bb4cd;\"><\/span>[vc_empty_space height=\u00a0\u00bb0.65em\u00a0\u00bb]<h6 class=\"sc_title sc_title_regular sc_align_center margin_top_tiny margin_bottom_null\" style=\"text-align:center;\">E-MAIL<\/h6>[vc_empty_space height=\u00a0\u00bb0.35em\u00a0\u00bb]<span class=\"sc_highlight\" style=\"font-size:0.857em; line-height: 1em;\"><a href=\"mailto:info@lluiscongelats.com\">info@lluiscongelats.com<\/a><\/span>[vc_empty_space height=\u00a0\u00bb3em\u00a0\u00bb]<\/div><\/div><\/div>[vc_empty_space][\/vc_column][\/vc_row][vc_row][vc_column el_class=\u00a0\u00bbform-contact-lluis\u00a0\u00bb]<div class=\"sc_section margin_top_null margin_bottom_null aligncenter column-1_2\"><div class=\"sc_section_inner\"><div class=\"sc_section_content_wrap\">[vc_empty_space height=\u00a0\u00bb0.8em\u00a0\u00bb]\n<div class=\"wpcf7 no-js\" id=\"wpcf7-f1086-o1\" lang=\"es-ES\" dir=\"ltr\" data-wpcf7-id=\"1086\">\n<div class=\"screen-reader-response\"><p role=\"status\" aria-live=\"polite\" aria-atomic=\"true\"><\/p> <ul><\/ul><\/div>\n<form action=\"\/fr\/wp-json\/wp\/v2\/pages\/1026#wpcf7-f1086-o1\" method=\"post\" class=\"wpcf7-form init\" aria-label=\"Formulario de contacto\" novalidate=\"novalidate\" data-status=\"init\">\n<div style=\"display: none;\">\n<input type=\"hidden\" name=\"_wpcf7\" value=\"1086\" \/>\n<input type=\"hidden\" name=\"_wpcf7_version\" value=\"6.0.1\" \/>\n<input type=\"hidden\" name=\"_wpcf7_locale\" value=\"es_ES\" \/>\n<input type=\"hidden\" name=\"_wpcf7_unit_tag\" value=\"wpcf7-f1086-o1\" \/>\n<input type=\"hidden\" name=\"_wpcf7_container_post\" value=\"0\" \/>\n<input type=\"hidden\" name=\"_wpcf7_posted_data_hash\" value=\"\" \/>\n<\/div>\n<p><span class=\"wpcf7-form-control-wrap\" data-name=\"your-recipient\"><select class=\"wpcf7-form-control wpcf7-select wpcf7-validates-as-required\" aria-required=\"true\" aria-invalid=\"false\" name=\"your-recipient\"><option value=\"CONTACT\">CONTACT<\/option><option value=\"\u00c9quipe de direction\">\u00c9quipe de direction<\/option><option value=\"Directeur de achats\">Directeur de achats<\/option><option value=\"Services administratifs\">Services administratifs<\/option><option value=\"R.H.\">R.H.<\/option><option value=\"Service commercial\">Service commercial<\/option><option value=\"Facturation\">Facturation<\/option><option value=\"Autres\">Autres<\/option><\/select><\/span>\n<\/p>\n<p><span class=\"wpcf7-form-control-wrap\" data-name=\"your-name\"><input size=\"40\" maxlength=\"400\" class=\"wpcf7-form-control wpcf7-text wpcf7-validates-as-required\" aria-required=\"true\" aria-invalid=\"false\" placeholder=\"NOM ET PR\u00c9NOM\" value=\"\" type=\"text\" name=\"your-name\" \/><\/span>\n<\/p>\n<p><span class=\"wpcf7-form-control-wrap\" data-name=\"your-email\"><input size=\"40\" maxlength=\"400\" class=\"wpcf7-form-control wpcf7-email wpcf7-validates-as-required wpcf7-text wpcf7-validates-as-email\" aria-required=\"true\" aria-invalid=\"false\" placeholder=\"E-MAIL\" value=\"\" type=\"email\" name=\"your-email\" \/><\/span>\n<\/p>\n<p><span class=\"wpcf7-form-control-wrap\" data-name=\"your-message\"><textarea cols=\"40\" rows=\"10\" maxlength=\"2000\" class=\"wpcf7-form-control wpcf7-textarea wpcf7-validates-as-required\" aria-required=\"true\" aria-invalid=\"false\" placeholder=\"MESSAGE\" name=\"your-message\"><\/textarea><\/span>\n<\/p>\n<p><label class=\"lopd\"><strong>Protection des donn\u00e9es personnelles<\/strong><br \/>\nNous utiliserons vos donn\u00e9es pour r\u00e9pondre \u00e0 vos demandes, vous envoyer des communications marketing et r\u00e9aliser des \u00e9tudes statistiques.<br \/>\nPour plus d'informations sur le traitement de vos donn\u00e9es et vos droits, veuillez consulter notre politique de confidentialit\u00e9. <a href=\"https:\/\/www.lluiscongelats.com\/politiques-de-privacitat\/\"<\/a><\/a><\/label><br \/>\n<span class=\"wpcf7-form-control-wrap\" data-name=\"acceptacio-dades\"><span class=\"wpcf7-form-control wpcf7-acceptance\"><span class=\"wpcf7-list-item\"><label><input type=\"checkbox\" name=\"acceptacio-dades\" value=\"1\" aria-invalid=\"false\" \/><span class=\"wpcf7-list-item-label\">J'accepte le traitement des donn\u00e9es pour l'envoi de communications commerciales.<\/span><\/label><\/span><\/span><\/span>\n<\/p>\n<div class=\"main-cf7-captcha\"><span class=\"wpcf7-form-control-wrap input-captcha-cf7\"><input size=\"40\" class=\"wpcf7-form-control wpcf7-captchacf7 wpcf7-validates-as-required cf7_text_captcha\" id=\"input-captcha-cf7\" aria-required=\"true\" aria-invalid=\"false\" value=\"\" type=\"text\" name=\"input-captcha-cf7\" \/><\/span><\/div><img decoding=\"async\" src=\"https:\/\/www.lluiscongelats.com\/wp-content\/plugins\/text-captcha-contact-form-7\/include\/image.php\" alt=\"cf7captcha\" id=\"image-captcha-cf7\"><a href=\"javascript:void(0);\" id=\"reload_captcha\"><img decoding=\"async\" src=\"https:\/\/www.lluiscongelats.com\/wp-content\/plugins\/text-captcha-contact-form-7\/assets\/images\/refresh.png\" alt=\"Regenerate Captcha\"><\/a>\n<\/p>\n<div style=\"text-align: left\">\n\t<p><input class=\"wpcf7-form-control wpcf7-submit has-spinner\" type=\"submit\" value=\"Envoyer\" \/>\n\t<\/p>\n<\/div><input type='hidden' class='wpcf7-pum' value='{\"closepopup\":false,\"closedelay\":0,\"openpopup\":false,\"openpopup_id\":0}' \/><div class=\"wpcf7-response-output\" aria-hidden=\"true\"><\/div>\n<\/form>\n<\/div>\n[vc_empty_space height=\u00a0\u00bb1.6em\u00a0\u00bb]<\/div><\/div><\/div>[\/vc_column][\/vc_row][vc_row][vc_column][vc_empty_space height=\u00a0\u00bb4.2em\u00a0\u00bb]<div class=\"sc_section\"><div class=\"sc_section_inner\"><h6 class=\"sc_section_subtitle sc_item_subtitle\">Notre<\/h6><h2 class=\"sc_section_title sc_item_title sc_item_title_without_descr\">si\u00e8ge social<\/h2><div class=\"sc_section_content_wrap\">[vc_column_text]\r\n            \r\n            \r\n            \r\n            <a name='map3'><\/a>\r\n            \r\n            \r\n            \r\n            \r\n            <div class=\"wpgmza_map \"  id=\"wpgmza_map_3\" style=\"display:block; overflow:auto; width:100%; height:500px; float:left;\" data-settings='{\"id\":\"3\",\"map_title\":\"Frigor\\u00edfics Lluis\",\"map_width\":\"100\",\"map_height\":\"500\",\"map_start_lat\":\"41.20804575564795\",\"map_start_lng\":\"1.2882839687061942\",\"map_start_location\":\"45.950464398418106,-109.81550500000003\",\"map_start_zoom\":\"9\",\"default_marker\":\"\",\"type\":\"1\",\"alignment\":\"0\",\"directions_enabled\":\"1\",\"styling_enabled\":\"0\",\"styling_json\":\"\",\"active\":\"0\",\"kml\":\"\",\"bicycle\":\"0\",\"traffic\":\"0\",\"dbox\":\"1\",\"dbox_width\":\"100\",\"listmarkers\":\"0\",\"listmarkers_advanced\":\"0\",\"filterbycat\":\"0\",\"ugm_enabled\":\"0\",\"ugm_category_enabled\":\"0\",\"fusion\":\"\",\"map_width_type\":\"%\",\"map_height_type\":\"px\",\"mass_marker_support\":\"1\",\"ugm_access\":\"0\",\"order_markers_by\":\"1\",\"order_markers_choice\":\"2\",\"show_user_location\":\"0\",\"default_to\":\"\",\"other_settings\":{\"store_locator_style\":\"modern\",\"wpgmza_store_locator_radius_style\":\"modern\",\"transport_layer\":false,\"action\":\"wpgmza_save_map\",\"redirect_to\":\"\\\/wp-admin\\\/admin-post.php\",\"map_id\":\"1\",\"http_referer\":\"\\\/wp-admin\\\/admin.php?page=wp-google-maps-menu&amp;amp;action=edit&amp;amp;map_id=1\",\"wpgmza_id\":\"1\",\"wpgmza_start_location\":\"41.20804575564795,1.2882839687061942\",\"wpgmza_start_zoom\":\"9\",\"wpgmza_theme_data\":\"\",\"directions_box_style\":\"default\",\"wpgmza_dbox_width_type\":\"%\",\"default_from\":\"\",\"directions_behaviour\":\"default\",\"force_google_directions_app\":false,\"directions_route_origin_icon\":\"https:\\\/\\\/www.lluiscongelats.com\\\/wp-content\\\/plugins\\\/wp-google-maps\\\/images\\\/spotlight-poi3.png\",\"directions_origin_retina\":false,\"directions_route_destination_icon\":\"https:\\\/\\\/www.lluiscongelats.com\\\/wp-content\\\/plugins\\\/wp-google-maps\\\/images\\\/spotlight-poi3.png\",\"directions_destination_retina\":false,\"directions_route_stroke_color\":\"#4f8df5\",\"directions_route_stroke_weight\":\"4\",\"directions_route_stroke_opacity\":\"0.8\",\"directions_fit_bounds_to_route\":false,\"store_locator_enabled\":false,\"store_locator_search_area\":\"radial\",\"wpgmza_store_locator_default_radius\":\"10\",\"store_locator_auto_area_max_zoom\":\"\",\"wpgmza_store_locator_restrict\":\"\",\"store_locator_distance\":false,\"wpgmza_store_locator_position\":false,\"store_locator_show_distance\":false,\"store_locator_category\":false,\"wpgmza_store_locator_use_their_location\":false,\"wpgmza_store_locator_bounce\":false,\"upload_default_sl_marker\":\"\",\"upload_default_sl_marker_retina\":false,\"wpgmza_sl_animation\":\"0\",\"wpgmza_store_locator_hide_before_search\":false,\"store_locator_query_string\":\"\",\"store_locator_location_placeholder\":\"\",\"store_locator_default_address\":\"\",\"store_locator_name_search\":false,\"store_locator_name_string\":\"\",\"store_locator_not_found_message\":\"\",\"sl_stroke_color\":\"#000000\",\"sl_stroke_opacity\":\"\",\"sl_fill_color\":\"#000000\",\"sl_fill_opacity\":\"\",\"retina\":false,\"wpgmza_map_align\":\"1\",\"upload_default_ul_marker\":\"\",\"upload_default_ul_marker_retina\":false,\"jump_to_nearest_marker_on_initialization\":false,\"automatically_pan_to_users_location\":false,\"override_users_location_zoom_level\":false,\"override_users_location_zoom_levels\":\"\",\"show_distance_from_location\":false,\"map_max_zoom\":\"21\",\"map_min_zoom\":\"0\",\"click_open_link\":false,\"fit_maps_bounds_to_markers\":false,\"fit_maps_bounds_to_markers_after_filtering\":false,\"hide_point_of_interest\":false,\"wpgmza_zoom_on_marker_click\":false,\"wpgmza_zoom_on_marker_click_slider\":\"\",\"close_infowindow_on_map_click\":false,\"disable_lightbox_images\":false,\"use_Raw_Jpeg_Coordinates\":false,\"polygon_labels\":false,\"disable_polygon_info_windows\":false,\"enable_advanced_custom_fields_integration\":false,\"enable_toolset_woocommerce_integration\":false,\"enable_marker_labels\":false,\"only_load_markers_within_viewport\":false,\"zoom_level_mobile_override_enabled\":false,\"zoom_level_mobile_override\":\"\",\"iw_primary_color\":\"#000000\",\"iw_accent_color\":\"#000000\",\"iw_text_color\":\"#000000\",\"wpgmza_listmarkers_by\":\"0\",\"wpgmza_marker_listing_position\":false,\"wpgmza_push_in_map\":false,\"wpgmza_push_in_map_placement\":\"1\",\"wpgmza_push_in_map_width\":\"\",\"wpgmza_push_in_map_height\":\"\",\"zoom_level_on_marker_listing_override\":false,\"zoom_level_on_marker_listing_click\":\"\",\"marker_listing_disable_zoom\":false,\"datatable_no_result_message\":\"\",\"remove_search_box_datables\":false,\"dataTable_pagination_style\":\"default\",\"datatable_search_string\":\"\",\"datatable_result_start\":\"\",\"datatable_result_of\":\"\",\"datatable_result_to\":\"\",\"datatable_result_total\":\"\",\"datatable_result_show\":\"\",\"datatable_result_entries\":\"\",\"wpgmza_savemap\":\"Save Map \\u00bb\",\"shortcodeAttributes\":{\"id\":\"3\"}}}' data-map-id='3' data-shortcode-attributes='{\"id\":\"3\"}'> <\/div>\r\n            \r\n               \r\n        <div style=\"display:block; width:100%;\">\r\n\t\t\t\t\r\n\t\t\t\t<div class=\"wpgmza-directions-box wpgmaps_directions_outer_div style-default\" data-map-id=\"3\" style=\"width:100%;display:none;clear:both;\" id=\"wpgmaps_directions_edit_3\">\n\t<h2 class=\"wpgmza-directions-box__title\">Get Directions<\/h2>\n\t\n\t<div class=\"wpgmza-directions-box-inner\" id=\"wpgmaps_directions_editbox_3\">\n\t\t<div class=\"wpgmza-directions-actions wpgmza-form-field\">\n\t\t\t<div class=\"wpgmza-directions__travel-mode\">\n\t\t\t\t<span class=\"wpgmza-travel-mode-option wpgmza-travel-option__selected\" data-mode=\"driving\">\n\t\t\t\t\t<img decoding=\"async\" src=\"https:\/\/www.lluiscongelats.com\/wp-content\/plugins\/wp-google-maps-pro\/images\/icons\/directions_car.png\">\n\t\t\t\t<\/span>\n\t\t\t\t<span class=\"wpgmza-travel-mode-option\" data-mode=\"walking\">\n\t\t\t\t\t<img decoding=\"async\" src=\"https:\/\/www.lluiscongelats.com\/wp-content\/plugins\/wp-google-maps-pro\/images\/icons\/directions_walking.png\">\n\t\t\t\t<\/span>\n\t\t\t\t<span class=\"wpgmza-travel-mode-option\" data-mode=\"transit\">\n\t\t\t\t\t<img decoding=\"async\" src=\"https:\/\/www.lluiscongelats.com\/wp-content\/plugins\/wp-google-maps-pro\/images\/icons\/directions_transit.png\">\n\t\t\t\t<\/span>\n\t\t\t\t<span class=\"wpgmza-travel-mode-option\" data-mode=\"bicycling\">\n\t\t\t\t\t<img decoding=\"async\" src=\"https:\/\/www.lluiscongelats.com\/wp-content\/plugins\/wp-google-maps-pro\/images\/icons\/directions_bike.png\">\n\t\t\t\t<\/span>\n\t\t\t<\/div>\n\n\t\t\t<div class=\"wpgmza-directions-locations\">\n\t\t\t\t<div class=\"wpgmza-directions-from wpgmza-form-field\">\n\n\t\t\t\t\t<i class=\"wpgmza-directions-from__icon fa fa-circle\"><\/i>\n\t\t\t\n\t\t\t\t\t<label class=\"wpgmza-form-field__label\" for=\"wpgmza_input_from_3\">\n\t\t\t\t\t\tFrom\t\t\t\t\t<\/label>\n\t\t\t\t\t\n\t\t\t\t\t<input class=\"wpgmza-address wpgmza-directions-from wpgmza-form-field__input\" type=\"text\" placeholder=\"From\" value=\"\" id=\"wpgmza_input_from_3\">\n\t\t\t\t\n\t\t\t\t<\/div>\n\n\t\t\t\t<div class=\"wpgmza-directions-to wpgmza-form-field wpgmaps_to_row\">\n\n\t\t\t\t\t<i class=\"wpgmza-directions-to__icon fa fas fa-map-marker\"><\/i>\n\n\t\t\t\t\t<label class=\"wpgmza-form-field__label\" for=\"wpgmza_input_to_3\">\n\t\t\t\t\t\tTo\t\t\t\t\t<\/label>\n\t\t\t\t\t<input class=\"wpgmza-address wpgmza-form-field__input wpgmza-directions-to\" type=\"text\" placeholder=\"To\" value=\"\" id=\"wpgmza_input_to_3\">\n\t\t\t\t<\/div>\n\t\t\t\t\n\t\t\t\t<div class=\"wpgmza-waypoint-via wpgmza-form-field wpgmza-form-field--no-pad wpgmaps_via wpgmaps_template\">\n\n\t\t\t\t\t<i class=\"wpgmza-directions-from__icon fa fa-circle\"><\/i>\n\t\t\t\t\n\t\t\t\t\t<input class=\"wpgmza-waypoint-via wpgmza-form-field__input wpgmaps_via\" type=\"text\" placeholder=\"Via\">\n\t\t\t\t\t\n\t\t\t\t\t<button href=\"javascript:%20;\" class=\"wpgmza_remove_via\">\n\t\t\t\t\t\t<i class=\"fa fa-times\"><\/i>\n\t\t\t\t\t<\/button>\n\t\t\t\t\t\n\t\t\t\t<\/div>\n\t\t\t\t\n\t\t\t\t<div class=\"wpgmza-add-waypoint wpgmza-form-field wpgmza-form-field--no-pad wpgmaps_add_waypoint\">\n\t\t\t\t\t<div class=\"wpgmaps_add_waypoint\">\n\t\t\t\t\t\t<a href=\"javascript:%20;\" class=\"wpgmaps_add_waypoint\" mapid=\"3\">\n\t\t\t\t\t\t\t<i class=\"fa fa-plus-circle\" aria-hidden=\"true\"><\/i>\n\t\t\t\t\t\t\tAdd Waypoint\t\t\t\t\t\t<\/a>\n\t\t\t\t\t<\/div>\n\t\t\t\t<\/div>\n\t\t\t<\/div>\n\n\t\t\t<div class=\"wpgmza-hidden\">\n\t\t\t<label class=\"wpgmza-travel-mode wpgmza-form-field__label\" for=\"wpgmza_dir_type_3\">\n\t\t\t\tFor\t\t\t<\/label>\n\t\t\t<select class=\"wpgmza-travel-mode wpgmza-form-field__input\" name=\"wpgmza_dir_type_3\" id=\"wpgmza_dir_type_3\">\n\t\t\t\t<option value=\"driving\">\n\t\t\t\t\tDriving\t\t\t\t<\/option>\n\t\t\t\t<option value=\"walking\">\n\t\t\t\t\tWalking\t\t\t\t<\/option>\n\t\t\t\t<option value=\"transit\">\n\t\t\t\t\tTransit\t\t\t\t<\/option>\n\t\t\t\t<option value=\"bicycling\">\n\t\t\t\t\tBicycling\t\t\t\t<\/option>\n\t\t\t<\/select>\n\t\t\t<\/div>\n\t\t<\/div>\n\t\t\t\n\t\t<div class=\"wpgmza-directions-options__section\">\n\t\t\t<a href=\"javascript:;\" class=\"wpgmza-show-directions-options\" id=\"wpgmza_show_options_3\" mapid=\"3\">\n\t\t\t\tshow options\t\t\t<\/a>\n\t\t\t\n\t\t\t<a href=\"javascript:;\" class=\"wpgmza-hide-directions-options\" id=\"wpgmza_hide_options_3\" mapid=\"3\">\n\t\t\t\thide options\t\t\t<\/a>\n\t\t\t\n\t\t\t<div class=\"wpgmza-directions-options wpgmza-form-field wpgmza-form-field--no-pad wpgmza_dir_options\">\n\t\t\t\t<label class=\"class\">\n\t\t\t\t\t<input type=\"checkbox\" class=\"wpgmza-avoid-tolls\" value=\"tolls\" name=\"wpgmza_tolls_3\" id=\"wpgmza_tolls_3\">\n\t\t\t\t\tAvoid Tolls\t\t\t\t<\/label>\n\t\t\t\t<label class=\"class\">\n\t\t\t\t\t<input type=\"checkbox\" class=\"wpgmza-avoid-highways\" value=\"highways\" name=\"wpgmza_highways_3\" id=\"wpgmza_highways_3\">\n\t\t\t\t\tAvoid Highways\t\t\t\t<\/label>\n\t\t\t\t<label class=\"class\">\n\t\t\t\t\t<input type=\"checkbox\" class=\"wpgmza-avoid-ferries\" value=\"ferries\" name=\"wpgmza_ferries_3\" id=\"wpgmza_ferries_3\">\n\t\t\t\t\tAvoid Ferries\t\t\t\t<\/label>\n\t\t\t<\/div>\n\t\t<\/div>\n\t\t\n\t<\/div>\n\t\n\t<div class=\"wpgmza-directions-buttons wpgmza-form-field wpgmaps_to_row\">\n\t\t<input class=\"wpgmza-get-directions wpgmaps_get_directions\" onclick=\"javascript: ;\" type=\"button\" value=\"Go\" id=\"3\">\n\t\t\n\t\t<span class=\"wpgmza-directions-result__buttons\">\n\t\t\t<a class=\"wpgmza-print-directions\" style=\"display: none;\" onclick=\"javascript: ;\" mapid=\"3\">\n\t\t\t\tPrint directions\t\t\t<\/a>\n\t\t\t\n\t\t\t<a class=\"wpgmza-reset-directions\" style=\"display: none;\" onclick=\"javascript: ;\" mapid=\"3\">\n\t\t\t\tReset directions\t\t\t<\/a>\n\t\t<\/span>\n\t<\/div>\n<\/div>\r\n\t\t\t\t\r\n\t\t\t\t<div id=\"wpgmaps_directions_notification_3\" style=\"display:none;\">Recherche des itin\u00e9raires\u2026...<\/div>\r\n\t\t\t\t\r\n\t\t\t\t<div id=\"wpgmaps_directions_reset_3\" style=\"display:none;\">\r\n\r\n\t\t\t\t\t<a href='javascript:void(0)' onclick='wpgmza_reset_directions(3);' id='wpgmaps_reset_directions' title='Reset directions'>Reset directions<\/a>\r\n\t\t\t\t\t<br \/>\r\n\t\t\t\t\t<a href='javascript: ;' id='wpgmaps_print_directions_3' target='_blank' title='Print directions'>Print directions<\/a>\r\n\t\t\t\t<\/div>\r\n\t\t\t\t\r\n\t\t\t\t<div id=\"directions_panel_3\"><\/div>\r\n\r\n\t\t\t<\/div>[\/vc_column_text]<\/div><\/div><\/div>[\/vc_column][\/vc_row][vc_row][vc_column][vc_empty_space height=\u00a0\u00bb4.2em\u00a0\u00bb]<div class=\"sc_section\"><div class=\"sc_section_inner\"><h6 class=\"sc_section_subtitle sc_item_subtitle\">Nos<\/h6><h2 class=\"sc_section_title sc_item_title sc_item_title_without_descr\">magasins<\/h2><div class=\"sc_section_content_wrap\"><div class=\"columns_wrap sc_columns columns_nofluid sc_columns_count_2 margin_top_medium\"><div class=\"column-1_2 sc_column_item sc_column_item_1 contact_box odd first\" style=\"text-align:center;\"><div class=\"sc_column_item_inner\" style=\"background-color:#f5f5f5;\">[vc_empty_space height=\u00a0\u00bb0.7em\u00a0\u00bb]<span class=\"sc_icon icon-location-light aligncenter margin_top_tiny margin_bottom_null\" style=\"display:block;font-weight:400;font-size:2.857em; line-height: 1em;color:#8bb4cd;\"><\/span>[vc_empty_space height=\u00a0\u00bb0.65em\u00a0\u00bb]<h6 class=\"sc_title sc_title_regular sc_align_center margin_top_tiny margin_bottom_null\" style=\"text-align:center;\">Magasin de D\u00e9tail &#8211; Roquetes<\/h6>[vc_empty_space height=\u00a0\u00bb0.35em\u00a0\u00bb]<span class=\"sc_highlight\" style=\"font-size:0.857em; line-height: 1em;\">C\/ Major non 14<br \/>\n43520 Roquetes<br \/>\nTel. <a href=\"tel:\/\/+34977913283\">+34 977 913 283<\/a><\/span>[vc_empty_space height=\u00a0\u00bb1.45em\u00a0\u00bb]<\/div><\/div><div class=\"column-1_2 sc_column_item sc_column_item_2 contact_box even\" style=\"text-align:center;\"><div class=\"sc_column_item_inner\" style=\"background-color:#f5f5f5;\">[vc_empty_space height=\u00a0\u00bb0.7em\u00a0\u00bb]<span class=\"sc_icon icon-location-light aligncenter margin_top_tiny margin_bottom_null\" style=\"display:block;font-weight:400;font-size:2.857em; line-height: 1em;color:#8bb4cd;\"><\/span>[vc_empty_space height=\u00a0\u00bb0.65em\u00a0\u00bb]<h6 class=\"sc_title sc_title_regular sc_align_center margin_top_tiny margin_bottom_null\" style=\"text-align:center;\">Magasin de D\u00e9tail &#8211; Ferreries (Tortosa)<\/h6>[vc_empty_space height=\u00a0\u00bb0.35em\u00a0\u00bb]<span class=\"sc_highlight\" style=\"font-size:0.857em; line-height: 1em;\">C\/ Tarragona non 13<br \/>\n43500 Ferreries &#8211; Tortosa<br \/>\nTel. <a href=\"tel:\/\/+34977913282\">+34 977 913 282<\/a><\/span>[vc_empty_space height=\u00a0\u00bb3em\u00a0\u00bb]<\/div><\/div><\/div><\/div><\/div><\/div>[vc_empty_space height=\u00a0\u00bb4.2em\u00a0\u00bb][\/vc_column][\/vc_row]<\/p>\n<\/section>","protected":false},"excerpt":{"rendered":"<p>[vc_row][vc_column][vc_empty_space height=\u00a0\u00bb1.2em\u00a0\u00bb][vc_empty_space][\/vc_column][\/vc_row][vc_row][vc_column el_class=\u00a0\u00bbform-contact-lluis\u00a0\u00bb][\/vc_column][\/vc_row][vc_row][vc_column][vc_empty_space height=\u00a0\u00bb4.2em\u00a0\u00bb][\/vc_column][\/vc_row][vc_row][vc_column][vc_empty_space height=\u00a0\u00bb4.2em\u00a0\u00bb][vc_empty_space height=\u00a0\u00bb4.2em\u00a0\u00bb][\/vc_column][\/vc_row]<\/p>\n","protected":false},"author":1,"featured_media":0,"parent":0,"menu_order":0,"comment_status":"closed","ping_status":"closed","template":"","meta":{"footnotes":""},"class_list":["post-1026","page","type-page","status-publish","hentry"],"aioseo_notices":[],"_links":{"self":[{"href":"https:\/\/www.lluiscongelats.com\/fr\/wp-json\/wp\/v2\/pages\/1026","targetHints":{"allow":["GET"]}}],"collection":[{"href":"https:\/\/www.lluiscongelats.com\/fr\/wp-json\/wp\/v2\/pages"}],"about":[{"href":"https:\/\/www.lluiscongelats.com\/fr\/wp-json\/wp\/v2\/types\/page"}],"author":[{"embeddable":true,"href":"https:\/\/www.lluiscongelats.com\/fr\/wp-json\/wp\/v2\/users\/1"}],"replies":[{"embeddable":true,"href":"https:\/\/www.lluiscongelats.com\/fr\/wp-json\/wp\/v2\/comments?post=1026"}],"version-history":[{"count":10,"href":"https:\/\/www.lluiscongelats.com\/fr\/wp-json\/wp\/v2\/pages\/1026\/revisions"}],"predecessor-version":[{"id":2298,"href":"https:\/\/www.lluiscongelats.com\/fr\/wp-json\/wp\/v2\/pages\/1026\/revisions\/2298"}],"wp:attachment":[{"href":"https:\/\/www.lluiscongelats.com\/fr\/wp-json\/wp\/v2\/media?parent=1026"}],"curies":[{"name":"wp","href":"https:\/\/api.w.org\/{rel}","templated":true}]}}